{"id":1249,"date":"2021-03-10T11:52:21","date_gmt":"2021-03-10T10:52:21","guid":{"rendered":"http:\/\/ikos-app.com\/?page_id=1249"},"modified":"2021-03-31T21:45:43","modified_gmt":"2021-03-31T20:45:43","slug":"startseite","status":"publish","type":"page","link":"https:\/\/ikos-app.com\/de\/","title":{"rendered":"Startseite"},"content":{"rendered":"<p>[vc_row full_width=&#8221;stretch_row_content_no_spaces&#8221;][vc_column]\n\t\t\t<!-- START Home 3 REVOLUTION SLIDER 6.3.3 --><p class=\"rs-p-wp-fix\"><\/p>\n\t\t\t<rs-module-wrap id=\"rev_slider_3_1_wrapper\" data-source=\"gallery\" style=\"background:transparent;padding:0;margin:0px auto;margin-top:0;margin-bottom:0;\">\n\t\t\t\t<rs-module id=\"rev_slider_3_1\" style=\"\" data-version=\"6.3.3\">\n\t\t\t\t\t<rs-slides>\n\t\t\t\t\t\t<rs-slide data-key=\"rs-5\" data-title=\"Slide\" data-anim=\"ei:d;eo:d;s:1000;r:0;t:fade;sl:0;\">\n\t\t\t\t\t\t\t<img loading=\"lazy\" decoding=\"async\" src=\"\/\/ikos-app.com\/wp-content\/uploads\/2021\/02\/20190618_104621-scaled-e1612628284414.jpg\" title=\"20190618_104621\" width=\"1920\" height=\"1440\" data-panzoom=\"d:10000;ss:130%;se:110%;\" class=\"rev-slidebg\" data-no-retina>\n<!--\n\t\t\t\t\t\t\t--><rs-layer\n\t\t\t\t\t\t\t\tid=\"slider-3-slide-5-layer-0\" \n\t\t\t\t\t\t\t\tdata-type=\"shape\"\n\t\t\t\t\t\t\t\tdata-rsp_ch=\"on\"\n\t\t\t\t\t\t\t\tdata-text=\"w:normal;s:20,12,7,7;l:0,15,9,9;\"\n\t\t\t\t\t\t\t\tdata-dim=\"w:100%;h:100%;\"\n\t\t\t\t\t\t\t\tdata-basealign=\"slide\"\n\t\t\t\t\t\t\t\tdata-frame_999=\"o:0;st:w;\"\n\t\t\t\t\t\t\t\tstyle=\"z-index:5;background-color:rgba(34,34,34,0.6);\"\n\t\t\t\t\t\t\t> \n\t\t\t\t\t\t\t<\/rs-layer><!--\n\n\t\t\t\t\t\t\t--><rs-layer\n\t\t\t\t\t\t\t\tid=\"slider-3-slide-5-layer-5\" \n\t\t\t\t\t\t\t\tdata-type=\"text\"\n\t\t\t\t\t\t\t\tdata-rsp_ch=\"on\"\n\t\t\t\t\t\t\t\tdata-xy=\"xo:15px,10px,15px,15px;y:m;yo:80px,-10px,44px,0;\"\n\t\t\t\t\t\t\t\tdata-text=\"w:normal;s:120,75,54,60;l:118,74,58,68;ls:-6px,-3px,-1px,-1px;\"\n\t\t\t\t\t\t\t\tdata-dim=\"w:716px,449px,289px,376px;\"\n\t\t\t\t\t\t\t\tdata-frame_0=\"x:-50,-31,-19,-19;\"\n\t\t\t\t\t\t\t\tdata-frame_1=\"sp:1000;\"\n\t\t\t\t\t\t\t\tdata-frame_999=\"o:0;st:w;\"\n\t\t\t\t\t\t\t\tstyle=\"z-index:6;font-family:Old Standard TT;\"\n\t\t\t\t\t\t\t>Apartments<br \/>\nIkos \n\t\t\t\t\t\t\t<\/rs-layer><!--\n\n\t\t\t\t\t\t\t--><rs-layer\n\t\t\t\t\t\t\t\tid=\"slider-3-slide-5-layer-6\" \n\t\t\t\t\t\t\t\tdata-type=\"text\"\n\t\t\t\t\t\t\t\tdata-rsp_ch=\"on\"\n\t\t\t\t\t\t\t\tdata-xy=\"xo:15px,10px,15px,15px;yo:346px,244px,265px,201px;\"\n\t\t\t\t\t\t\t\tdata-text=\"w:normal;s:14,14,14,13;l:28,28,17,28;ls:3px,1px,0px,0px;fw:700;\"\n\t\t\t\t\t\t\t\tdata-frame_0=\"y:-50,-31,-19,-19;\"\n\t\t\t\t\t\t\t\tdata-frame_1=\"sp:1000;\"\n\t\t\t\t\t\t\t\tdata-frame_999=\"o:0;st:w;\"\n\t\t\t\t\t\t\t\tstyle=\"z-index:7;font-family:Archivo;text-transform:uppercase;\"\n\t\t\t\t\t\t\t>Nemira \n\t\t\t\t\t\t\t<\/rs-layer><!--\n-->\t\t\t\t\t\t<\/rs-slide>\n\t\t\t\t\t<\/rs-slides>\n\t\t\t\t<\/rs-module>\n\t\t\t\t<script type=\"text\/javascript\">\n\t\t\t\t\tsetREVStartSize({c: 'rev_slider_3_1',rl:[1240,1024,778,480],el:[900,768,630,630],gw:[1240,778,480,480],gh:[900,768,630,630],type:'standard',justify:'',layout:'fullwidth',mh:\"0\"});\n\t\t\t\t\tvar\trevapi3,\n\t\t\t\t\t\ttpj;\n\t\t\t\t\tfunction revinit_revslider31() {\n\t\t\t\t\tjQuery(function() {\n\t\t\t\t\t\ttpj = jQuery;\n\t\t\t\t\t\trevapi3 = tpj(\"#rev_slider_3_1\");\n\t\t\t\t\t\tif(revapi3==undefined || revapi3.revolution == undefined){\n\t\t\t\t\t\t\trevslider_showDoubleJqueryError(\"rev_slider_3_1\");\n\t\t\t\t\t\t}else{\n\t\t\t\t\t\t\trevapi3.revolution({\n\t\t\t\t\t\t\t\tsliderLayout:\"fullwidth\",\n\t\t\t\t\t\t\t\tvisibilityLevels:\"1240,1024,778,480\",\n\t\t\t\t\t\t\t\tgridwidth:\"1240,778,480,480\",\n\t\t\t\t\t\t\t\tgridheight:\"900,768,630,630\",\n\t\t\t\t\t\t\t\tspinner:\"spinner0\",\n\t\t\t\t\t\t\t\tperspective:600,\n\t\t\t\t\t\t\t\tperspectiveType:\"global\",\n\t\t\t\t\t\t\t\teditorheight:\"900,768,630,630\",\n\t\t\t\t\t\t\t\tresponsiveLevels:\"1240,1024,778,480\",\n\t\t\t\t\t\t\t\tprogressBar:{disableProgressBar:true},\n\t\t\t\t\t\t\t\tnavigation: {\n\t\t\t\t\t\t\t\t\twheelCallDelay:1000,\n\t\t\t\t\t\t\t\t\tonHoverStop:false,\n\t\t\t\t\t\t\t\t\ttouch: {\n\t\t\t\t\t\t\t\t\t\ttouchenabled:true,\n\t\t\t\t\t\t\t\t\t\ttouchOnDesktop:true\n\t\t\t\t\t\t\t\t\t}\n\t\t\t\t\t\t\t\t},\n\t\t\t\t\t\t\t\tfallbacks: {\n\t\t\t\t\t\t\t\t\tallowHTML5AutoPlayOnAndroid:true\n\t\t\t\t\t\t\t\t},\n\t\t\t\t\t\t\t});\n\t\t\t\t\t\t}\n\t\t\t\t\t\t\n\t\t\t\t\t});\n\t\t\t\t\t} \/\/ End of RevInitScript\n\t\t\t\tvar once_revslider31 = false;\n\t\t\t\tif (document.readyState === \"loading\") {document.addEventListener('readystatechange',function() { if((document.readyState === \"interactive\" || document.readyState === \"complete\") && !once_revslider31 ) { once_revslider31 = true; revinit_revslider31();}});} else {once_revslider31 = true; revinit_revslider31();}\n\t\t\t\t<\/script>\n\t\t\t<\/rs-module-wrap>\n\t\t\t<!-- END REVOLUTION SLIDER -->\n[\/vc_column][\/vc_row][vc_row css=&#8221;.vc_custom_1613747168329{margin-top: 100px !important;}&#8221;][vc_column][vc_column_text]<\/p>\n<h4 style=\"text-align: center;\">Die Ikos Apartments befinden sich in Strandn\u00e4he in Nemira, nur 3 km von der Stadt Omis entfernt.<\/h4>\n<h4 style=\"text-align: center;\">Diese Apartments bieten Familien mit Kindern und Freunden Komfort und verf\u00fcgen \u00fcber eine Taverne.<\/h4>\n<h4 style=\"text-align: center;\">In unserem Angebot haben wir 3 Apartments mit jeweils 6 + 2 Betten und eines im Erdgeschoss mit 2 + 2 Betten und einer riesigen Terrasse.<\/h4>\n<h4 style=\"text-align: center;\">Alle Apartments verf\u00fcgen \u00fcber Klimaanlage, WLAN, TV, Haartrockner und Bettw\u00e4sche, einige mit direktem Meerblick. Die Entfernung zum Strand betr\u00e4gt 150-200 Meter.<\/h4>\n<h4 style=\"text-align: center;\">Es gibt auch ausgestattete K\u00fcchen mit einem Essbereich.<\/h4>\n<h4 style=\"text-align: center;\">Die Autobahn E65 liegt 30 Autominuten vom Haus und den Flughafen Split 45 Minuten entfernt.<\/h4>\n<h4 style=\"text-align: center;\">Sie nutzen einen privaten Parkplatz mit Schleuse. Wenn Sie ein Boot bis zu 6 m L\u00e4nge haben, wird Ihnen ein kostenloser Stand f\u00fcr den Anh\u00e4nger vor dem Geb\u00e4ude angeboten.<\/h4>\n<p>[\/vc_column_text][\/vc_column][\/vc_row][vc_row full_width=&#8221;stretch_row&#8221; content_placement=&#8221;middle&#8221; el_class=&#8221;section&#8221; css=&#8221;.vc_custom_1599804902021{background-position: center !important;background-repeat: no-repeat !important;background-size: cover !important;}&#8221;][vc_column css_animation=&#8221;fadeInLeft&#8221; width=&#8221;1\/2&#8243;][vc_single_image image=&#8221;981&#8243; img_size=&#8221;full&#8221;][\/vc_column][vc_column css_animation=&#8221;fadeInRight&#8221; width=&#8221;1\/2&#8243; css=&#8221;.vc_custom_1599804960241{padding-left: 30px !important;}&#8221; column_css_md=&#8221;.vc_custom_1599804960242{padding-left: 20px !important;}&#8221; column_css_sm=&#8221;.vc_custom_1599804960243{padding-left: 0px !important;}&#8221; column_css_xs=&#8221;.vc_custom_1599804960244{padding-left: 0px !important;}&#8221;]\r\n\t\t<div  class=\"sigma_custom_heading_wrapper sigma-custom-heading-956483124 sigma-shortcode-wrapper custom-heading-style-1 text-left\">\r\r\n\t\t\t\r\r\n<div class=\"section-title sigma-custom-heading-wrapper\">\r\r\r\n\t\t\r\r\n\t\t<div class=\"sigma-heading-title-wrapper\">\r\r\r\n\t\t\t<h2 class=\"heading-title \">\r\r\r\n\t\t\t\tEntdecken Sie Nemira\r\r\n\t\t\t<\/h2>\r\r\r\n\t\t<\/div>\r\r\r\n\t\t\r\r\n<\/div>\r\n\r\n\t\t<\/div>\r\r\n\t\t[vc_column_text]Der Strand von Nemira befindet sich in einer kleinen Stadt unweit von Omi\u0161. Sch\u00f6ne Kieselsteine, nat\u00fcrlicher Schatten und klares Meer sind ideal f\u00fcr einen perfekten Familienurlaub. Der Strand wird nicht zu voll, er ist mit dem Auto erreichbar und es gibt viele Inhalte in der N\u00e4he.[\/vc_column_text][\/vc_column][\/vc_row][vc_row full_width=&#8221;stretch_row&#8221; content_placement=&#8221;middle&#8221; el_class=&#8221;section&#8221; css=&#8221;.vc_custom_1599804902021{background-position: center !important;background-repeat: no-repeat !important;background-size: cover !important;}&#8221;][vc_column css_animation=&#8221;fadeInRight&#8221; width=&#8221;1\/2&#8243; css=&#8221;.vc_custom_1599804960241{padding-left: 30px !important;}&#8221; column_css_md=&#8221;.vc_custom_1599804960242{padding-left: 20px !important;}&#8221; column_css_sm=&#8221;.vc_custom_1599804960243{padding-left: 0px !important;}&#8221; column_css_xs=&#8221;.vc_custom_1599804960244{padding-left: 0px !important;}&#8221;]\r\n\t\t<div  class=\"sigma_custom_heading_wrapper sigma-custom-heading-1127348421 sigma-shortcode-wrapper custom-heading-style-1 text-left\">\r\r\n\t\t\t\r\r\n<div class=\"section-title sigma-custom-heading-wrapper\">\r\r\r\n\t\t\r\r\n\t\t<div class=\"sigma-heading-title-wrapper\">\r\r\r\n\t\t\t<h2 class=\"heading-title \">\r\r\r\n\t\t\t\tTaverne\r\r\n\t\t\t<\/h2>\r\r\r\n\t\t<\/div>\r\r\r\n\t\t\r\r\n<\/div>\r\n\r\n\t\t<\/div>\r\r\n\t\t[vc_column_text]Im Keller des Hauses befindet sich ein Raum f\u00fcr Geselligkeit und Verkostung lokaler Produkte sowie IPTV. Die dalmatinische Taverne war der Ausgangspunkt f\u00fcr Kleinbauern in Dalmatien und ihre Zuflucht nach dem harten Arbeitstag auf ihren Feldern.[\/vc_column_text][\/vc_column][vc_column width=&#8221;1\/2&#8243;][vc_gallery interval=&#8221;3&#8243; images=&#8221;1203,1202,1201&#8243; img_size=&#8221;480&#215;320&#8243;][\/vc_column][\/vc_row][vc_row content_placement=&#8221;middle&#8221; el_class=&#8221;section&#8221; css=&#8221;.vc_custom_1613747210220{margin-bottom: 70px !important;}&#8221;][vc_column css_animation=&#8221;fadeIn&#8221;][vc_column_text]<\/p>\n<h1 style=\"text-align: center;\">R\u00e4ume<\/h1>\n<p>[\/vc_column_text][\/vc_column][\/vc_row][vc_row css=&#8221;.vc_custom_1613756740986{border-top-width: 0px !important;border-right-width: 0px !important;border-bottom-width: 0px !important;border-left-width: 0px !important;border-left-style: ridge !important;border-right-style: ridge !important;border-top-style: ridge !important;border-bottom-style: ridge !important;}&#8221;][vc_column][vc_column_text css=&#8221;.vc_custom_1613824486375{border-top-width: 2px !important;border-right-width: 2px !important;border-bottom-width: 2px !important;border-left-width: 2px !important;border-left-color: #000000 !important;border-right-color: #000000 !important;border-top-color: #000000 !important;border-bottom-color: #000000 !important;}&#8221;]<\/p>\n<h2 style=\"text-align: center;\">Andere Information<\/h2>\n<p style=\"text-align: center;\"><span lang=\"en\">Die Autobahn E65 liegt eine 30-min\u00fctige Autofahrt von der Unterkunft entfernt und den Flughafen Split erreichen Sie nach einer 45-min\u00fctigen Autofahrt<\/span><\/p>\n<p style=\"text-align: center;\"><span lang=\"en\">Sie nutzen einen privaten Parkplatz mit Schleuse. Wenn Sie ein Boot bis zu 6 m L\u00e4nge haben, wird Ihnen ein kostenloser Stand f\u00fcr den Anh\u00e4nger vor dem Geb\u00e4ude angeboten.<\/span><\/p>\n<p>[\/vc_column_text][\/vc_column][\/vc_row][vc_row][vc_column][vc_column_text]<div class=\"wptb-container-legacy\" data-table-id=\"1265\">\n    <table class=\"wptb-preview-table wptb-element-main-table_setting-1212 edit-active\" data-reconstraction=\"1\" style=\"border: 2px solid rgb(190, 173, 142);\" data-wptb-table-tds-sum-max-width=\"529.97205\" data-wptb-cells-width-auto-count=\"4\" role=\"table\" data-wptb-even-row-background-color=\"\" data-wptb-odd-row-background-color=\"\" data-table-columns=\"4\" data-wptb-table-alignment=\"center\" data-wptb-td-width-auto=\"100\" data-wptb-responsive-directives=\"eyJyZXNwb25zaXZlRW5hYmxlZCI6dHJ1ZSwicmVzcG9uc2l2ZU1vZGUiOiJhdXRvIiwicHJlc2VydmVSb3dDb2xvciI6ZmFsc2UsInJlbGF0aXZlV2lkdGgiOiJ3aW5kb3ciLCJoZWFkZXJGdWxseU1lcmdlZCI6ZmFsc2UsIm1vZGVPcHRpb25zIjp7ImF1dG8iOnsidG9wUm93QXNIZWFkZXIiOnsiZGVza3RvcCI6ZmFsc2UsInRhYmxldCI6ZmFsc2UsIm1vYmlsZSI6ZmFsc2V9LCJyZXBlYXRNZXJnZWRIZWFkZXIiOnsiZGVza3RvcCI6dHJ1ZSwidGFibGV0Ijp0cnVlLCJtb2JpbGUiOnRydWV9LCJzdGF0aWNUb3BSb3ciOnsiZGVza3RvcCI6ZmFsc2UsInRhYmxldCI6ZmFsc2UsIm1vYmlsZSI6ZmFsc2V9LCJjZWxsU3RhY2tEaXJlY3Rpb24iOnsiZGVza3RvcCI6InJvdyIsInRhYmxldCI6InJvdyIsIm1vYmlsZSI6InJvdyJ9LCJjZWxsc1BlclJvdyI6eyJkZXNrdG9wIjoxLCJ0YWJsZXQiOjIsIm1vYmlsZSI6Mn19fSwiYnJlYWtwb2ludHMiOnsiZGVza3RvcCI6eyJuYW1lIjoiZGVza3RvcCIsIndpZHRoIjoxMDI0fSwidGFibGV0Ijp7Im5hbWUiOiJ0YWJsZXQiLCJ3aWR0aCI6NzAwfSwibW9iaWxlIjp7Im5hbWUiOiJtb2JpbGUiLCJ3aWR0aCI6MzAwfX19\" data-wptb-adaptive-table=\"0\"><tbody><tr class=\"wptb-row\" data-wptb-bg-color=\"\"><td class=\"wptb-cell\" data-y-index=\"0\" data-x-index=\"0\" style=\"border: 2px solid rgb(190, 173, 142);\" data-wptb-css-td-auto-width=\"true\" data-sorted-vertical=\"ask-disabled\" data-sorted-horizontal=\"ask-disabled\"><div class=\"wptb-text-container wptb-ph-element wptb-element-text-1\" style=\"font-size: 14px;\"><div class=\"\" style=\"position: relative;\"><p style=\"text-align: center;\"><strong>Restaurant<\/strong><\/p><\/div><\/div><\/td><td class=\"wptb-cell\" data-y-index=\"0\" data-x-index=\"1\" style=\"border: 2px solid rgb(190, 173, 142);\" data-wptb-css-td-auto-width=\"true\" data-sorted-vertical=\"ask-disabled\"><div class=\"wptb-text-container wptb-ph-element wptb-element-text-1\" style=\"font-size: 14px;\"><div class=\"\" style=\"position: relative;\"><p>60m<br><\/p><\/div><\/div><\/td><td class=\"wptb-cell\" data-y-index=\"0\" data-x-index=\"2\" style=\"border: 2px solid rgb(190, 173, 142);\" data-wptb-css-td-auto-width=\"true\" data-sorted-vertical=\"ask-disabled\"><div class=\"wptb-text-container wptb-ph-element wptb-element-text-1\" style=\"font-size: 14px;\"><div class=\"\" style=\"position: relative;\"><p style=\"text-align: center;\"><strong>B\u00e4ckerei<\/strong><\/p><\/div><\/div><\/td><td class=\"wptb-cell\" data-y-index=\"0\" data-x-index=\"3\" style=\"border: 2px solid rgb(190, 173, 142);\" data-wptb-css-td-auto-width=\"true\" data-sorted-vertical=\"ask-disabled\"><div class=\"wptb-text-container wptb-ph-element wptb-element-text-1\" style=\"font-size: 14px;\"><div class=\"\" style=\"position: relative;\"><p>60m<\/p><\/div><\/div><\/td><\/tr><tr class=\"wptb-row\" data-wptb-bg-color=\"\" style=\"\"><td class=\"wptb-cell\" data-y-index=\"1\" data-x-index=\"0\" style=\"border: 2px solid rgb(190, 173, 142);\" data-wptb-css-td-auto-width=\"true\" data-sorted-horizontal=\"ask-disabled\"><div class=\"wptb-text-container wptb-ph-element wptb-element-text-1\" style=\"font-size: 14px;\"><div class=\"\" style=\"position: relative;\"><p style=\"text-align: center;\" class=\"\"><strong>Moped - oder Fahrradverleih<\/strong><\/p><\/div><\/div><\/td><td class=\"wptb-cell\" data-y-index=\"1\" data-x-index=\"1\" style=\"border: 2px solid rgb(190, 173, 142);\" data-wptb-css-td-auto-width=\"true\"><div class=\"wptb-text-container wptb-ph-element wptb-element-text-1\" style=\"font-size: 14px;\"><div class=\"\" style=\"position: relative;\"><p>50m<\/p><\/div><\/div><\/td><td class=\"wptb-cell\" data-y-index=\"1\" data-x-index=\"2\" style=\"border: 2px solid rgb(190, 173, 142);\" data-wptb-css-td-auto-width=\"true\"><div class=\"wptb-text-container wptb-ph-element wptb-element-text-1\" style=\"font-size: 14px;\"><div class=\"\" style=\"position: relative;\"><p style=\"text-align: center;\"><strong>Strand<\/strong><\/p><\/div><\/div><\/td><td class=\"wptb-cell\" data-y-index=\"1\" data-x-index=\"3\" style=\"border: 2px solid rgb(190, 173, 142);\" data-wptb-css-td-auto-width=\"true\"><div class=\"wptb-text-container wptb-ph-element wptb-element-text-1\" style=\"font-size: 14px;\"><div class=\"\" style=\"position: relative;\"><p>200m<\/p><\/div><\/div><\/td><\/tr><tr class=\"wptb-row\" data-wptb-bg-color=\"\" style=\"\"><td class=\"wptb-cell\" data-y-index=\"2\" data-x-index=\"0\" style=\"border: 2px solid rgb(190, 173, 142);\" data-wptb-css-td-auto-width=\"true\" data-sorted-horizontal=\"ask-disabled\"><div class=\"wptb-text-container wptb-ph-element wptb-element-text-1\" style=\"font-size: 14px;\"><div class=\"\" style=\"position: relative;\"><p style=\"text-align: center;\" class=\"\"><strong>Kinderspielplatz<\/strong><\/p><\/div><\/div><\/td><td class=\"wptb-cell\" data-y-index=\"2\" data-x-index=\"1\" style=\"border: 2px solid rgb(190, 173, 142);\" data-wptb-css-td-auto-width=\"true\"><div class=\"wptb-text-container wptb-ph-element wptb-element-text-1\" style=\"font-size: 14px;\"><div class=\"\" style=\"position: relative;\"><p>30m<\/p><\/div><\/div><\/td><td class=\"wptb-cell\" data-y-index=\"2\" data-x-index=\"2\" style=\"border: 2px solid rgb(190, 173, 142);\" data-wptb-css-td-auto-width=\"true\"><div class=\"wptb-text-container wptb-ph-element wptb-element-text-1\" style=\"font-size: 14px;\"><div class=\"\" style=\"position: relative;\"><p style=\"text-align: center;\"><strong>Innenstadt von Omi\u0161<\/strong><\/p><\/div><\/div><\/td><td class=\"wptb-cell\" data-y-index=\"2\" data-x-index=\"3\" style=\"border: 2px solid rgb(190, 173, 142);\" data-wptb-css-td-auto-width=\"true\"><div class=\"wptb-text-container wptb-ph-element wptb-element-text-1\" style=\"font-size: 14px;\"><div class=\"\" style=\"position: relative;\"><p>3,5km<\/p><\/div><\/div><\/td><\/tr><tr class=\"wptb-row\" data-wptb-bg-color=\"\" style=\"\"><td class=\"wptb-cell\" data-y-index=\"3\" data-x-index=\"0\" style=\"border: 2px solid rgb(190, 173, 142);\" data-wptb-css-td-auto-width=\"true\" data-sorted-horizontal=\"ask-disabled\"><div class=\"wptb-text-container wptb-ph-element wptb-element-text-1\" style=\"font-size: 14px;\"><div class=\"\" style=\"position: relative;\"><p style=\"text-align: center;\"><strong>Markt<\/strong><\/p><\/div><\/div><\/td><td class=\"wptb-cell\" data-y-index=\"3\" data-x-index=\"1\" style=\"border: 2px solid rgb(190, 173, 142);\" data-wptb-css-td-auto-width=\"true\"><div class=\"wptb-text-container wptb-ph-element wptb-element-text-1\" style=\"font-size: 14px;\"><div class=\"\" style=\"position: relative;\"><p>80m<\/p><\/div><\/div><\/td><td class=\"wptb-cell\" data-y-index=\"3\" data-x-index=\"2\" style=\"border: 2px solid rgb(190, 173, 142);\" data-wptb-css-td-auto-width=\"true\"><div class=\"wptb-text-container wptb-ph-element wptb-element-text-1\" style=\"font-size: 14px;\"><div class=\"\" style=\"position: relative;\"><p style=\"text-align: center;\"><strong>Bushaltestelle<\/strong><\/p><\/div><\/div><\/td><td class=\"wptb-cell\" data-y-index=\"3\" data-x-index=\"3\" style=\"border: 2px solid rgb(190, 173, 142);\" data-wptb-css-td-auto-width=\"true\"><div class=\"wptb-text-container wptb-ph-element wptb-element-text-1\" style=\"font-size: 14px;\"><div class=\"\" style=\"position: relative;\"><p>100m<\/p><\/div><\/div><\/td><\/tr><\/tbody><\/table>\n<\/div>\n[\/vc_column_text][\/vc_column][\/vc_row][vc_row][vc_column]\t\t<div  class=\"sigma_gallery_wrapper sigma-gallery-118396454 sigma-shortcode-wrapper gallery-style-1\">\r\n\t\t\t<div class=\"gallery-loop\">\r\n            <div class=\"single-gallery-image\">\r\n                <a href=\"https:\/\/ikos-app.com\/wp-content\/uploads\/2021\/03\/soba.jpg\" class=\"popup-image\">\r\n                    <img decoding=\"async\" src=\"https:\/\/ikos-app.com\/wp-content\/uploads\/2021\/03\/soba.jpg\" alt=\"Images\">\r\n                <\/a>\r\n            <\/div>\r\n            <div class=\"single-gallery-image\">\r\n                <a href=\"https:\/\/ikos-app.com\/wp-content\/uploads\/2021\/03\/parking.jpg\" class=\"popup-image\">\r\n                    <img decoding=\"async\" src=\"https:\/\/ikos-app.com\/wp-content\/uploads\/2021\/03\/parking.jpg\" alt=\"Images\">\r\n                <\/a>\r\n            <\/div>\r\n<\/div>\r\n\t\t<\/div>\r\n\t\t[\/vc_column][\/vc_row][vc_row][vc_column][vc_empty_space height=&#8221;25px&#8221;][\/vc_column][\/vc_row]<\/p>\n","protected":false},"excerpt":{"rendered":"<p>[vc_row full_width=&#8221;stretch_row_content_no_spaces&#8221;][vc_column][\/vc_column][\/vc_row][vc_row css=&#8221;.vc_custom_1613747168329{margin-top: 100px !important;}&#8221;][vc_column][vc_column_text] Die Ikos Apartments befinden sich in Strandn\u00e4he in Nemira, nur 3 km von der Stadt Omis entfernt. Diese Apartments bieten Familien mit Kindern und Freunden Komfort und verf\u00fcgen \u00fcber eine Taverne. In unserem Angebot haben wir 3 Apartments mit jeweils 6 + 2 Betten und eines im Erdgeschoss mit 2 [&hellip;]<\/p>\n","protected":false},"author":1,"featured_media":0,"parent":0,"menu_order":0,"comment_status":"closed","ping_status":"closed","template":"","meta":{"footnotes":""},"class_list":["post-1249","page","type-page","status-publish","hentry"],"_links":{"self":[{"href":"https:\/\/ikos-app.com\/de\/wp-json\/wp\/v2\/pages\/1249","targetHints":{"allow":["GET"]}}],"collection":[{"href":"https:\/\/ikos-app.com\/de\/wp-json\/wp\/v2\/pages"}],"about":[{"href":"https:\/\/ikos-app.com\/de\/wp-json\/wp\/v2\/types\/page"}],"author":[{"embeddable":true,"href":"https:\/\/ikos-app.com\/de\/wp-json\/wp\/v2\/users\/1"}],"replies":[{"embeddable":true,"href":"https:\/\/ikos-app.com\/de\/wp-json\/wp\/v2\/comments?post=1249"}],"version-history":[{"count":9,"href":"https:\/\/ikos-app.com\/de\/wp-json\/wp\/v2\/pages\/1249\/revisions"}],"predecessor-version":[{"id":1262,"href":"https:\/\/ikos-app.com\/de\/wp-json\/wp\/v2\/pages\/1249\/revisions\/1262"}],"wp:attachment":[{"href":"https:\/\/ikos-app.com\/de\/wp-json\/wp\/v2\/media?parent=1249"}],"curies":[{"name":"wp","href":"https:\/\/api.w.org\/{rel}","templated":true}]}}