{"id":1229,"date":"2021-03-10T11:37:57","date_gmt":"2021-03-10T10:37:57","guid":{"rendered":"http:\/\/ikos-app.com\/?page_id=1229"},"modified":"2021-03-31T21:44:06","modified_gmt":"2021-03-31T20:44:06","slug":"pocetna","status":"publish","type":"page","link":"https:\/\/ikos-app.com\/hr\/","title":{"rendered":"Po\u010detna"},"content":{"rendered":"<p>[vc_row full_width=&#8221;stretch_row_content_no_spaces&#8221;][vc_column]\n\t\t\t<!-- START Home 3 REVOLUTION SLIDER 6.3.3 --><p class=\"rs-p-wp-fix\"><\/p>\n\t\t\t<rs-module-wrap id=\"rev_slider_3_1_wrapper\" data-source=\"gallery\" style=\"background:transparent;padding:0;margin:0px auto;margin-top:0;margin-bottom:0;\">\n\t\t\t\t<rs-module id=\"rev_slider_3_1\" style=\"\" data-version=\"6.3.3\">\n\t\t\t\t\t<rs-slides>\n\t\t\t\t\t\t<rs-slide data-key=\"rs-5\" data-title=\"Slide\" data-anim=\"ei:d;eo:d;s:1000;r:0;t:fade;sl:0;\">\n\t\t\t\t\t\t\t<img loading=\"lazy\" decoding=\"async\" src=\"\/\/ikos-app.com\/wp-content\/uploads\/2021\/02\/20190618_104621-scaled-e1612628284414.jpg\" title=\"20190618_104621\" width=\"1920\" height=\"1440\" data-panzoom=\"d:10000;ss:130%;se:110%;\" class=\"rev-slidebg\" data-no-retina>\n<!--\n\t\t\t\t\t\t\t--><rs-layer\n\t\t\t\t\t\t\t\tid=\"slider-3-slide-5-layer-0\" \n\t\t\t\t\t\t\t\tdata-type=\"shape\"\n\t\t\t\t\t\t\t\tdata-rsp_ch=\"on\"\n\t\t\t\t\t\t\t\tdata-text=\"w:normal;s:20,12,7,7;l:0,15,9,9;\"\n\t\t\t\t\t\t\t\tdata-dim=\"w:100%;h:100%;\"\n\t\t\t\t\t\t\t\tdata-basealign=\"slide\"\n\t\t\t\t\t\t\t\tdata-frame_999=\"o:0;st:w;\"\n\t\t\t\t\t\t\t\tstyle=\"z-index:5;background-color:rgba(34,34,34,0.6);\"\n\t\t\t\t\t\t\t> \n\t\t\t\t\t\t\t<\/rs-layer><!--\n\n\t\t\t\t\t\t\t--><rs-layer\n\t\t\t\t\t\t\t\tid=\"slider-3-slide-5-layer-5\" \n\t\t\t\t\t\t\t\tdata-type=\"text\"\n\t\t\t\t\t\t\t\tdata-rsp_ch=\"on\"\n\t\t\t\t\t\t\t\tdata-xy=\"xo:15px,10px,15px,15px;y:m;yo:80px,-10px,44px,0;\"\n\t\t\t\t\t\t\t\tdata-text=\"w:normal;s:120,75,54,60;l:118,74,58,68;ls:-6px,-3px,-1px,-1px;\"\n\t\t\t\t\t\t\t\tdata-dim=\"w:716px,449px,289px,376px;\"\n\t\t\t\t\t\t\t\tdata-frame_0=\"x:-50,-31,-19,-19;\"\n\t\t\t\t\t\t\t\tdata-frame_1=\"sp:1000;\"\n\t\t\t\t\t\t\t\tdata-frame_999=\"o:0;st:w;\"\n\t\t\t\t\t\t\t\tstyle=\"z-index:6;font-family:Old Standard TT;\"\n\t\t\t\t\t\t\t>Apartments<br \/>\nIkos \n\t\t\t\t\t\t\t<\/rs-layer><!--\n\n\t\t\t\t\t\t\t--><rs-layer\n\t\t\t\t\t\t\t\tid=\"slider-3-slide-5-layer-6\" \n\t\t\t\t\t\t\t\tdata-type=\"text\"\n\t\t\t\t\t\t\t\tdata-rsp_ch=\"on\"\n\t\t\t\t\t\t\t\tdata-xy=\"xo:15px,10px,15px,15px;yo:346px,244px,265px,201px;\"\n\t\t\t\t\t\t\t\tdata-text=\"w:normal;s:14,14,14,13;l:28,28,17,28;ls:3px,1px,0px,0px;fw:700;\"\n\t\t\t\t\t\t\t\tdata-frame_0=\"y:-50,-31,-19,-19;\"\n\t\t\t\t\t\t\t\tdata-frame_1=\"sp:1000;\"\n\t\t\t\t\t\t\t\tdata-frame_999=\"o:0;st:w;\"\n\t\t\t\t\t\t\t\tstyle=\"z-index:7;font-family:Archivo;text-transform:uppercase;\"\n\t\t\t\t\t\t\t>Nemira \n\t\t\t\t\t\t\t<\/rs-layer><!--\n-->\t\t\t\t\t\t<\/rs-slide>\n\t\t\t\t\t<\/rs-slides>\n\t\t\t\t<\/rs-module>\n\t\t\t\t<script type=\"text\/javascript\">\n\t\t\t\t\tsetREVStartSize({c: 'rev_slider_3_1',rl:[1240,1024,778,480],el:[900,768,630,630],gw:[1240,778,480,480],gh:[900,768,630,630],type:'standard',justify:'',layout:'fullwidth',mh:\"0\"});\n\t\t\t\t\tvar\trevapi3,\n\t\t\t\t\t\ttpj;\n\t\t\t\t\tfunction revinit_revslider31() {\n\t\t\t\t\tjQuery(function() {\n\t\t\t\t\t\ttpj = jQuery;\n\t\t\t\t\t\trevapi3 = tpj(\"#rev_slider_3_1\");\n\t\t\t\t\t\tif(revapi3==undefined || revapi3.revolution == undefined){\n\t\t\t\t\t\t\trevslider_showDoubleJqueryError(\"rev_slider_3_1\");\n\t\t\t\t\t\t}else{\n\t\t\t\t\t\t\trevapi3.revolution({\n\t\t\t\t\t\t\t\tsliderLayout:\"fullwidth\",\n\t\t\t\t\t\t\t\tvisibilityLevels:\"1240,1024,778,480\",\n\t\t\t\t\t\t\t\tgridwidth:\"1240,778,480,480\",\n\t\t\t\t\t\t\t\tgridheight:\"900,768,630,630\",\n\t\t\t\t\t\t\t\tspinner:\"spinner0\",\n\t\t\t\t\t\t\t\tperspective:600,\n\t\t\t\t\t\t\t\tperspectiveType:\"global\",\n\t\t\t\t\t\t\t\teditorheight:\"900,768,630,630\",\n\t\t\t\t\t\t\t\tresponsiveLevels:\"1240,1024,778,480\",\n\t\t\t\t\t\t\t\tprogressBar:{disableProgressBar:true},\n\t\t\t\t\t\t\t\tnavigation: {\n\t\t\t\t\t\t\t\t\twheelCallDelay:1000,\n\t\t\t\t\t\t\t\t\tonHoverStop:false,\n\t\t\t\t\t\t\t\t\ttouch: {\n\t\t\t\t\t\t\t\t\t\ttouchenabled:true,\n\t\t\t\t\t\t\t\t\t\ttouchOnDesktop:true\n\t\t\t\t\t\t\t\t\t}\n\t\t\t\t\t\t\t\t},\n\t\t\t\t\t\t\t\tfallbacks: {\n\t\t\t\t\t\t\t\t\tallowHTML5AutoPlayOnAndroid:true\n\t\t\t\t\t\t\t\t},\n\t\t\t\t\t\t\t});\n\t\t\t\t\t\t}\n\t\t\t\t\t\t\n\t\t\t\t\t});\n\t\t\t\t\t} \/\/ End of RevInitScript\n\t\t\t\tvar once_revslider31 = false;\n\t\t\t\tif (document.readyState === \"loading\") {document.addEventListener('readystatechange',function() { if((document.readyState === \"interactive\" || document.readyState === \"complete\") && !once_revslider31 ) { once_revslider31 = true; revinit_revslider31();}});} else {once_revslider31 = true; revinit_revslider31();}\n\t\t\t\t<\/script>\n\t\t\t<\/rs-module-wrap>\n\t\t\t<!-- END REVOLUTION SLIDER -->\n[\/vc_column][\/vc_row][vc_row css=&#8221;.vc_custom_1613747168329{margin-top: 100px !important;}&#8221;][vc_column][vc_column_text]<\/p>\n<h4 style=\"text-align: center;\">Ikos apartmani se nalaze u blizini plaze u mjestu Nemira,na samo 3km udaljeno od grada Omisa.<\/h4>\n<h4 style=\"text-align: center;\">Ovi apartmani nude komfor obiteljima sa dijecom i prijateljima.<\/h4>\n<h4 style=\"text-align: center;\">U na\u0161oj ponudi imamo 3 apartmana sa po 6+2 lezaja,i jedan u prizemlju 2+2 lezaja i velikom terasom.<\/h4>\n<h4 style=\"text-align: center;\">Svi apartmani sadrze klima uredaj, wifi free ,tv, susilo za kosu, te posteljinu, pojedini su sa izravnim pogledom na more. Udaljenost plaze je od 150-200metara.<\/h4>\n<h4 style=\"text-align: center;\">Gostima su na raspolaganju i opremljene kuhinje sa blagavaonom.<\/h4>\n<h4 style=\"text-align: center;\">Auto cesta E65 nalazi se 30 min voznje od objekta,a zracna luka Split 45min.<\/h4>\n<h4 style=\"text-align: center;\">Gosti koriste privatno parkiraliste sa zaklju\u010davanjem, ukoliko posjedujete i brodicu do 6m nudi vam se i besplatna le\u017earina za prikolicu ispred objekta.<\/h4>\n<p>[\/vc_column_text][\/vc_column][\/vc_row][vc_row full_width=&#8221;stretch_row&#8221; content_placement=&#8221;middle&#8221; el_class=&#8221;section&#8221; css=&#8221;.vc_custom_1599804902021{background-position: center !important;background-repeat: no-repeat !important;background-size: cover !important;}&#8221;][vc_column css_animation=&#8221;fadeInLeft&#8221; width=&#8221;1\/2&#8243;][vc_single_image image=&#8221;981&#8243; img_size=&#8221;full&#8221;][\/vc_column][vc_column css_animation=&#8221;fadeInRight&#8221; width=&#8221;1\/2&#8243; css=&#8221;.vc_custom_1599804960241{padding-left: 30px !important;}&#8221; column_css_md=&#8221;.vc_custom_1599804960242{padding-left: 20px !important;}&#8221; column_css_sm=&#8221;.vc_custom_1599804960243{padding-left: 0px !important;}&#8221; column_css_xs=&#8221;.vc_custom_1599804960244{padding-left: 0px !important;}&#8221;]\r\n\t\t<div  class=\"sigma_custom_heading_wrapper sigma-custom-heading-15836750 sigma-shortcode-wrapper custom-heading-style-1 text-left\">\r\r\n\t\t\t\r\r\n<div class=\"section-title sigma-custom-heading-wrapper\">\r\r\r\n\t\t\r\r\n\t\t<div class=\"sigma-heading-title-wrapper\">\r\r\r\n\t\t\t<h2 class=\"heading-title \">\r\r\r\n\t\t\t\tOtkrijte Nemiru\r\r\n\t\t\t<\/h2>\r\r\r\n\t\t<\/div>\r\r\r\n\t\t\r\r\n<\/div>\r\n\r\n\t\t<\/div>\r\r\n\t\t[vc_column_text]Pla\u017ea Nemira nalazi se u gradi\u0107u nedaleko od Omi\u0161a. Prekrasni \u0161ljunak, prirodna sjena i \u010disto more idealni su za savr\u0161en obiteljski odmor. Na pla\u017ei nema prevelike gu\u017eve, dostupna je automobilom, a u blizini ima puno sadr\u017eaja.[\/vc_column_text][\/vc_column][\/vc_row][vc_row full_width=&#8221;stretch_row&#8221; content_placement=&#8221;middle&#8221; el_class=&#8221;section&#8221; css=&#8221;.vc_custom_1599804902021{background-position: center !important;background-repeat: no-repeat !important;background-size: cover !important;}&#8221;][vc_column css_animation=&#8221;fadeInRight&#8221; width=&#8221;1\/2&#8243; css=&#8221;.vc_custom_1599804960241{padding-left: 30px !important;}&#8221; column_css_md=&#8221;.vc_custom_1599804960242{padding-left: 20px !important;}&#8221; column_css_sm=&#8221;.vc_custom_1599804960243{padding-left: 0px !important;}&#8221; column_css_xs=&#8221;.vc_custom_1599804960244{padding-left: 0px !important;}&#8221;]\r\n\t\t<div  class=\"sigma_custom_heading_wrapper sigma-custom-heading-1094137519 sigma-shortcode-wrapper custom-heading-style-1 text-left\">\r\r\n\t\t\t\r\r\n<div class=\"section-title sigma-custom-heading-wrapper\">\r\r\r\n\t\t\r\r\n\t\t<div class=\"sigma-heading-title-wrapper\">\r\r\r\n\t\t\t<h2 class=\"heading-title \">\r\r\r\n\t\t\t\tKonoba\r\r\n\t\t\t<\/h2>\r\r\r\n\t\t<\/div>\r\r\r\n\t\t\r\r\n<\/div>\r\n\r\n\t\t<\/div>\r\r\n\t\t[vc_column_text]U podrumu ku\u0107e je prostor za dru\u017eenje i ku\u0161anje lokalnih proizvoda, te IPTV. Dalmatinska konoba bila je polazna to\u010dka malih poljoprivrednika u Dalmaciji i njihovo uto\u010di\u0161te nakon te\u0161kog radnog dana na njihovim poljima.[\/vc_column_text][\/vc_column][vc_column width=&#8221;1\/2&#8243;][vc_gallery interval=&#8221;3&#8243; images=&#8221;1203,1202,1201&#8243; img_size=&#8221;480&#215;320&#8243;][\/vc_column][\/vc_row][vc_row content_placement=&#8221;middle&#8221; el_class=&#8221;section&#8221; css=&#8221;.vc_custom_1613747210220{margin-bottom: 70px !important;}&#8221;][vc_column css_animation=&#8221;fadeIn&#8221;][vc_column_text]<\/p>\n<h1 style=\"text-align: center;\">Sobe<\/h1>\n<p>[\/vc_column_text][\/vc_column][\/vc_row][vc_row css=&#8221;.vc_custom_1613756740986{border-top-width: 0px !important;border-right-width: 0px !important;border-bottom-width: 0px !important;border-left-width: 0px !important;border-left-style: ridge !important;border-right-style: ridge !important;border-top-style: ridge !important;border-bottom-style: ridge !important;}&#8221;][vc_column][vc_column_text css=&#8221;.vc_custom_1613824486375{border-top-width: 2px !important;border-right-width: 2px !important;border-bottom-width: 2px !important;border-left-width: 2px !important;border-left-color: #000000 !important;border-right-color: #000000 !important;border-top-color: #000000 !important;border-bottom-color: #000000 !important;}&#8221;]<\/p>\n<h2 style=\"text-align: center;\">Ostale informacije<\/h2>\n<p style=\"text-align: center;\"><span lang=\"en\">Autocesta E65 udaljena je 30 minuta vo\u017enje, a zra\u010dna luka Split udaljena je 45 minuta vo\u017enje<\/span><\/p>\n<p style=\"text-align: center;\"><span lang=\"en\">Gosti koriste privatno parkiraliste sa zakljucavanjem,ukoliko posjedujete i brodicu do 6m nudi vam se i besplatna lezarina za prikolicu ispred objekta.<\/span><\/p>\n<p>[\/vc_column_text][\/vc_column][\/vc_row][vc_row][vc_column][vc_column_text]<div class=\"wptb-container-legacy\" data-table-id=\"1244\">\n    <table class=\"wptb-preview-table wptb-element-main-table_setting-1212 edit-active\" data-reconstraction=\"1\" style=\"border: 2px solid rgb(190, 173, 142);\" data-wptb-table-tds-sum-max-width=\"497.97204999999997\" data-wptb-cells-width-auto-count=\"4\" role=\"table\" data-wptb-even-row-background-color=\"\" data-wptb-odd-row-background-color=\"\" data-table-columns=\"4\" data-wptb-table-alignment=\"center\" data-wptb-td-width-auto=\"100\" data-wptb-responsive-directives=\"eyJyZXNwb25zaXZlRW5hYmxlZCI6dHJ1ZSwicmVzcG9uc2l2ZU1vZGUiOiJhdXRvIiwicHJlc2VydmVSb3dDb2xvciI6ZmFsc2UsInJlbGF0aXZlV2lkdGgiOiJ3aW5kb3ciLCJoZWFkZXJGdWxseU1lcmdlZCI6ZmFsc2UsIm1vZGVPcHRpb25zIjp7ImF1dG8iOnsidG9wUm93QXNIZWFkZXIiOnsiZGVza3RvcCI6ZmFsc2UsInRhYmxldCI6ZmFsc2UsIm1vYmlsZSI6ZmFsc2V9LCJyZXBlYXRNZXJnZWRIZWFkZXIiOnsiZGVza3RvcCI6dHJ1ZSwidGFibGV0Ijp0cnVlLCJtb2JpbGUiOnRydWV9LCJzdGF0aWNUb3BSb3ciOnsiZGVza3RvcCI6ZmFsc2UsInRhYmxldCI6ZmFsc2UsIm1vYmlsZSI6ZmFsc2V9LCJjZWxsU3RhY2tEaXJlY3Rpb24iOnsiZGVza3RvcCI6InJvdyIsInRhYmxldCI6InJvdyIsIm1vYmlsZSI6InJvdyJ9LCJjZWxsc1BlclJvdyI6eyJkZXNrdG9wIjoxLCJ0YWJsZXQiOjIsIm1vYmlsZSI6Mn19fSwiYnJlYWtwb2ludHMiOnsiZGVza3RvcCI6eyJuYW1lIjoiZGVza3RvcCIsIndpZHRoIjoxMDI0fSwidGFibGV0Ijp7Im5hbWUiOiJ0YWJsZXQiLCJ3aWR0aCI6NzAwfSwibW9iaWxlIjp7Im5hbWUiOiJtb2JpbGUiLCJ3aWR0aCI6MzAwfX19\" data-wptb-adaptive-table=\"0\"><tbody><tr class=\"wptb-row\" data-wptb-bg-color=\"\"><td class=\"wptb-cell\" data-y-index=\"0\" data-x-index=\"0\" style=\"border: 2px solid rgb(190, 173, 142); padding: 11px;\" data-wptb-css-td-auto-width=\"true\" data-sorted-vertical=\"ask-disabled\" data-sorted-horizontal=\"ask-disabled\"><div class=\"wptb-text-container wptb-ph-element wptb-element-text-1\" style=\"font-size: 14px;\"><div class=\"\" style=\"position: relative;\"><p style=\"text-align: center;\"><strong>Restoran<\/strong><\/p><\/div><\/div><\/td><td class=\"wptb-cell\" data-y-index=\"0\" data-x-index=\"1\" style=\"border: 2px solid rgb(190, 173, 142); padding: 11px;\" data-wptb-css-td-auto-width=\"true\" data-sorted-vertical=\"ask-disabled\"><div class=\"wptb-text-container wptb-ph-element wptb-element-text-1\" style=\"font-size: 14px;\"><div class=\"\" style=\"position: relative;\"><p>60m<br><\/p><\/div><\/div><\/td><td class=\"wptb-cell\" data-y-index=\"0\" data-x-index=\"2\" style=\"border: 2px solid rgb(190, 173, 142); padding: 11px;\" data-wptb-css-td-auto-width=\"true\" data-sorted-vertical=\"ask-disabled\"><div class=\"wptb-text-container wptb-ph-element wptb-element-text-1\" style=\"font-size: 14px;\"><div class=\"\" style=\"position: relative;\"><p style=\"text-align: center;\"><strong>Pekarna&nbsp;<\/strong><\/p><\/div><\/div><\/td><td class=\"wptb-cell\" data-y-index=\"0\" data-x-index=\"3\" style=\"border: 2px solid rgb(190, 173, 142); padding: 11px;\" data-wptb-css-td-auto-width=\"true\" data-sorted-vertical=\"ask-disabled\"><div class=\"wptb-text-container wptb-ph-element wptb-element-text-1\" style=\"font-size: 14px;\"><div class=\"\" style=\"position: relative;\"><p>60m<\/p><\/div><\/div><\/td><\/tr><tr class=\"wptb-row\" data-wptb-bg-color=\"\" style=\"\"><td class=\"wptb-cell\" data-y-index=\"1\" data-x-index=\"0\" style=\"border: 2px solid rgb(190, 173, 142); padding: 11px;\" data-wptb-css-td-auto-width=\"true\" data-sorted-horizontal=\"ask-disabled\"><div class=\"wptb-text-container wptb-ph-element wptb-element-text-1\" style=\"font-size: 14px;\"><div class=\"\" style=\"position: relative;\"><p style=\"text-align: center;\"><strong>Najam bicikla mopeda<\/strong><\/p><\/div><\/div><\/td><td class=\"wptb-cell\" data-y-index=\"1\" data-x-index=\"1\" style=\"border: 2px solid rgb(190, 173, 142); padding: 11px;\" data-wptb-css-td-auto-width=\"true\"><div class=\"wptb-text-container wptb-ph-element wptb-element-text-1\" style=\"font-size: 14px;\"><div class=\"\" style=\"position: relative;\"><p>50m<\/p><\/div><\/div><\/td><td class=\"wptb-cell\" data-y-index=\"1\" data-x-index=\"2\" style=\"border: 2px solid rgb(190, 173, 142); padding: 11px;\" data-wptb-css-td-auto-width=\"true\"><div class=\"wptb-text-container wptb-ph-element wptb-element-text-1\" style=\"font-size: 14px;\"><div class=\"\" style=\"position: relative;\"><p style=\"text-align: center;\"><strong>Pla\u017ea<\/strong><\/p><\/div><\/div><\/td><td class=\"wptb-cell\" data-y-index=\"1\" data-x-index=\"3\" style=\"border: 2px solid rgb(190, 173, 142); padding: 11px;\" data-wptb-css-td-auto-width=\"true\"><div class=\"wptb-text-container wptb-ph-element wptb-element-text-1\" style=\"font-size: 14px;\"><div class=\"\" style=\"position: relative;\"><p>200m<\/p><\/div><\/div><\/td><\/tr><tr class=\"wptb-row\" data-wptb-bg-color=\"\" style=\"\"><td class=\"wptb-cell\" data-y-index=\"2\" data-x-index=\"0\" style=\"border: 2px solid rgb(190, 173, 142); padding: 11px;\" data-wptb-css-td-auto-width=\"true\" data-sorted-horizontal=\"ask-disabled\"><div class=\"wptb-text-container wptb-ph-element wptb-element-text-1\" style=\"font-size: 14px;\"><div class=\"\" style=\"position: relative;\"><p style=\"text-align: center;\" class=\"\"><strong>Dje\u010dje igrali\u0161te<\/strong><\/p><\/div><\/div><\/td><td class=\"wptb-cell\" data-y-index=\"2\" data-x-index=\"1\" style=\"border: 2px solid rgb(190, 173, 142); padding: 11px;\" data-wptb-css-td-auto-width=\"true\"><div class=\"wptb-text-container wptb-ph-element wptb-element-text-1\" style=\"font-size: 14px;\"><div class=\"\" style=\"position: relative;\"><p>30m<\/p><\/div><\/div><\/td><td class=\"wptb-cell\" data-y-index=\"2\" data-x-index=\"2\" style=\"border: 2px solid rgb(190, 173, 142); padding: 11px;\" data-wptb-css-td-auto-width=\"true\"><div class=\"wptb-text-container wptb-ph-element wptb-element-text-1\" style=\"font-size: 14px;\"><div class=\"\" style=\"position: relative;\"><p style=\"text-align: center;\"><strong>Centar grada Omi\u0161a<\/strong><\/p><\/div><\/div><\/td><td class=\"wptb-cell\" data-y-index=\"2\" data-x-index=\"3\" style=\"border: 2px solid rgb(190, 173, 142); padding: 11px;\" data-wptb-css-td-auto-width=\"true\"><div class=\"wptb-text-container wptb-ph-element wptb-element-text-1\" style=\"font-size: 14px;\"><div class=\"\" style=\"position: relative;\"><p>3,5km<\/p><\/div><\/div><\/td><\/tr><tr class=\"wptb-row\" data-wptb-bg-color=\"\" style=\"\"><td class=\"wptb-cell\" data-y-index=\"3\" data-x-index=\"0\" style=\"border: 2px solid rgb(190, 173, 142); padding: 11px;\" data-wptb-css-td-auto-width=\"true\" data-sorted-horizontal=\"ask-disabled\"><div class=\"wptb-text-container wptb-ph-element wptb-element-text-1\" style=\"font-size: 14px;\"><div class=\"\" style=\"position: relative;\"><p style=\"text-align: center;\"><strong>Trgovina<\/strong><\/p><\/div><\/div><\/td><td class=\"wptb-cell\" data-y-index=\"3\" data-x-index=\"1\" style=\"border: 2px solid rgb(190, 173, 142); padding: 11px;\" data-wptb-css-td-auto-width=\"true\"><div class=\"wptb-text-container wptb-ph-element wptb-element-text-1\" style=\"font-size: 14px;\"><div class=\"\" style=\"position: relative;\"><p>80m<\/p><\/div><\/div><\/td><td class=\"wptb-cell\" data-y-index=\"3\" data-x-index=\"2\" style=\"border: 2px solid rgb(190, 173, 142); padding: 11px;\" data-wptb-css-td-auto-width=\"true\"><div class=\"wptb-text-container wptb-ph-element wptb-element-text-1\" style=\"font-size: 14px;\"><div class=\"\" style=\"position: relative;\"><p style=\"text-align: center;\"><strong>Autobusna stanica<\/strong><\/p><\/div><\/div><\/td><td class=\"wptb-cell\" data-y-index=\"3\" data-x-index=\"3\" style=\"border: 2px solid rgb(190, 173, 142); padding: 11px;\" data-wptb-css-td-auto-width=\"true\"><div class=\"wptb-text-container wptb-ph-element wptb-element-text-1\" style=\"font-size: 14px;\"><div class=\"\" style=\"position: relative;\"><p>100m<\/p><\/div><\/div><\/td><\/tr><\/tbody><\/table>\n<\/div>\n[\/vc_column_text][\/vc_column][\/vc_row][vc_row][vc_column]\t\t<div  class=\"sigma_gallery_wrapper sigma-gallery-64486850 sigma-shortcode-wrapper gallery-style-1\">\r\n\t\t\t<div class=\"gallery-loop\">\r\n            <div class=\"single-gallery-image\">\r\n                <a href=\"https:\/\/ikos-app.com\/wp-content\/uploads\/2021\/03\/soba.jpg\" class=\"popup-image\">\r\n                    <img decoding=\"async\" src=\"https:\/\/ikos-app.com\/wp-content\/uploads\/2021\/03\/soba.jpg\" alt=\"Images\">\r\n                <\/a>\r\n            <\/div>\r\n            <div class=\"single-gallery-image\">\r\n                <a href=\"https:\/\/ikos-app.com\/wp-content\/uploads\/2021\/03\/parking.jpg\" class=\"popup-image\">\r\n                    <img decoding=\"async\" src=\"https:\/\/ikos-app.com\/wp-content\/uploads\/2021\/03\/parking.jpg\" alt=\"Images\">\r\n                <\/a>\r\n            <\/div>\r\n<\/div>\r\n\t\t<\/div>\r\n\t\t[\/vc_column][\/vc_row][vc_row][vc_column][vc_empty_space height=&#8221;25px&#8221;][\/vc_column][\/vc_row]<\/p>\n","protected":false},"excerpt":{"rendered":"<p>[vc_row full_width=&#8221;stretch_row_content_no_spaces&#8221;][vc_column][\/vc_column][\/vc_row][vc_row css=&#8221;.vc_custom_1613747168329{margin-top: 100px !important;}&#8221;][vc_column][vc_column_text] Ikos apartmani se nalaze u blizini plaze u mjestu Nemira,na samo 3km udaljeno od grada Omisa. Ovi apartmani nude komfor obiteljima sa dijecom i prijateljima. U na\u0161oj ponudi imamo 3 apartmana sa po 6+2 lezaja,i jedan u prizemlju 2+2 lezaja i velikom terasom. Svi apartmani sadrze klima uredaj, wifi free [&hellip;]<\/p>\n","protected":false},"author":1,"featured_media":0,"parent":0,"menu_order":0,"comment_status":"closed","ping_status":"closed","template":"","meta":{"footnotes":""},"class_list":["post-1229","page","type-page","status-publish","hentry"],"_links":{"self":[{"href":"https:\/\/ikos-app.com\/hr\/wp-json\/wp\/v2\/pages\/1229","targetHints":{"allow":["GET"]}}],"collection":[{"href":"https:\/\/ikos-app.com\/hr\/wp-json\/wp\/v2\/pages"}],"about":[{"href":"https:\/\/ikos-app.com\/hr\/wp-json\/wp\/v2\/types\/page"}],"author":[{"embeddable":true,"href":"https:\/\/ikos-app.com\/hr\/wp-json\/wp\/v2\/users\/1"}],"replies":[{"embeddable":true,"href":"https:\/\/ikos-app.com\/hr\/wp-json\/wp\/v2\/comments?post=1229"}],"version-history":[{"count":9,"href":"https:\/\/ikos-app.com\/hr\/wp-json\/wp\/v2\/pages\/1229\/revisions"}],"predecessor-version":[{"id":1819,"href":"https:\/\/ikos-app.com\/hr\/wp-json\/wp\/v2\/pages\/1229\/revisions\/1819"}],"wp:attachment":[{"href":"https:\/\/ikos-app.com\/hr\/wp-json\/wp\/v2\/media?parent=1229"}],"curies":[{"name":"wp","href":"https:\/\/api.w.org\/{rel}","templated":true}]}}